{"id":79194,"date":"2024-06-12T10:13:54","date_gmt":"2024-06-12T10:13:54","guid":{"rendered":"https:\/\/chalupypodsmedavou.cz\/galerie\/"},"modified":"2024-08-08T12:46:17","modified_gmt":"2024-08-08T12:46:17","slug":"galerie","status":"publish","type":"page","link":"https:\/\/chalupypodsmedavou.cz\/de\/galerie\/","title":{"rendered":"Galerie"},"content":{"rendered":"<p>[et_pb_section fb_built=&#8220;1&#8243; disabled_on=&#8220;off|off|off&#8220; module_class=&#8220;tiny-house-1-imgf-cover &#8220; _builder_version=&#8220;4.25.1&#8243; _module_preset=&#8220;default&#8220; custom_margin=&#8220;0px||0px||false|false&#8220; custom_margin_tablet=&#8220;0px||0px||false|false&#8220; custom_margin_phone=&#8220;0px||0px||false|false&#8220; custom_margin_last_edited=&#8220;on|tablet&#8220; custom_padding=&#8220;0px||0px||false|false&#8220; locked=&#8220;off&#8220; global_colors_info=&#8220;{}&#8220;][et_pb_row column_structure=&#8220;1_2,1_2&#8243; use_custom_gutter=&#8220;on&#8220; gutter_width=&#8220;1&#8243; make_equal=&#8220;on&#8220; disabled_on=&#8220;off|off|off&#8220; _builder_version=&#8220;4.26.1&#8243; _module_preset=&#8220;default&#8220; width=&#8220;100%&#8220; max_width=&#8220;100%&#8220; custom_margin=&#8220;0px||0px||false|false&#8220; custom_margin_tablet=&#8220;|||0px|false|false&#8220; custom_margin_phone=&#8220;|||0px|false|false&#8220; custom_margin_last_edited=&#8220;on|phone&#8220; custom_padding=&#8220;0px||0px||false|false&#8220; global_colors_info=&#8220;{}&#8220;][et_pb_column type=&#8220;1_2&#8243; _builder_version=&#8220;4.26.1&#8243; _module_preset=&#8220;default&#8220; background_image=&#8220;https:\/\/chalupypodsmedavou.cz\/wp-content\/uploads\/2024\/07\/020-9-scaled.jpg&#8220; animation_style=&#8220;slide&#8220; animation_direction=&#8220;left&#8220; animation_duration=&#8220;700ms&#8220; animation_delay=&#8220;500ms&#8220; animation_speed_curve=&#8220;ease&#8220; background_last_edited=&#8220;on|tablet&#8220; background_enable_image_tablet=&#8220;off&#8220; global_colors_info=&#8220;{}&#8220;][\/et_pb_column][et_pb_column type=&#8220;1_2&#8243; _builder_version=&#8220;4.25.1&#8243; _module_preset=&#8220;default&#8220; custom_padding=&#8220;15vh|6vw|15vh|7vw|true|false&#8220; custom_padding_tablet=&#8220;120px|40px|120px|40px|false|false&#8220; custom_padding_phone=&#8220;90px|20px|90px|20px|false|false&#8220; custom_padding_last_edited=&#8220;on|tablet&#8220; animation_style=&#8220;slide&#8220; animation_direction=&#8220;right&#8220; animation_duration=&#8220;700ms&#8220; animation_delay=&#8220;750ms&#8220; animation_speed_curve=&#8220;ease&#8220; global_colors_info=&#8220;{}&#8220;][et_pb_image src=&#8220;https:\/\/chalupypodsmedavou.cz\/wp-content\/uploads\/2024\/07\/Ch_p_S_solo_house@3x.png&#8220; title_text=&#8220;Ch_p_S_solo_haus@3x&#8220; _builder_version=&#8220;4.27.0&#8243; _module_preset=&#8220;default&#8220; width=&#8220;180px&#8220; width_tablet=&#8220;220px&#8220; width_phone=&#8220;130px&#8220; width_last_edited=&#8220;on|phone&#8220; locked=&#8220;off&#8220; global_colors_info=&#8220;{}&#8220;][\/et_pb_image][et_pb_blurb title=&#8220;Galerie&#8220; image_icon_width=&#8220;400px&#8220; icon_alignment=&#8220;left&#8220; content_max_width=&#8220;100%&#8220; _builder_version=&#8220;4.25.1&#8243; _module_preset=&#8220;default&#8220; header_level=&#8220;h3&#8243; header_font=&#8220;|700|||||||&#8220; header_text_color=&#8220;#27597A&#8220; header_font_size=&#8220;50px&#8220; header_line_height=&#8220;1.1em&#8220; image_icon_custom_margin=&#8220;0px|0px|-28px|-13px|false|false&#8220; image_icon_custom_padding=&#8220;0px||0px|0px|false|false&#8220; custom_margin=&#8220;||||false|false&#8220; header_font_size_tablet=&#8220;56px&#8220; header_font_size_phone=&#8220;30px&#8220; header_font_size_last_edited=&#8220;on|phone&#8220; locked=&#8220;off&#8220; global_colors_info=&#8220;{}&#8220;][\/et_pb_blurb][et_pb_text _builder_version=&#8220;4.25.1&#8243; _module_preset=&#8220;default&#8220; text_font=&#8220;Manrope||||||||&#8220; text_text_color=&#8220;#716e6b&#8220; text_line_height=&#8220;1.8em&#8220; custom_margin=&#8220;0px||26px||false|false&#8220; custom_margin_tablet=&#8220;0px||26px||false|false&#8220; custom_margin_phone=&#8220;0px||26px||false|false&#8220; custom_margin_last_edited=&#8220;on|phone&#8220; custom_padding=&#8220;0px||0px||false|false&#8220; global_colors_info=&#8220;{}&#8220;]Unser einzigartiges Projekt, das auf einer Wiese unterhalb des Isergebirges liegt, bietet einzigartige und atemberaubende Aussichten. Die Lage bietet viele M\u00f6glichkeiten f\u00fcr aktive Aktivit\u00e4ten und Entspannung und wird allen Ihren Bed\u00fcrfnissen gerecht. Bei der Gestaltung unserer H\u00e4user haben wir gr\u00f6\u00dften Wert auf Komfort gelegt und jedes Detail sorgf\u00e4ltig bedacht. Wir glauben, dass Sie sich nicht nur in unsere H\u00e4user, sondern auch in die sch\u00f6ne Umgebung verlieben und gerne wiederkommen werden. Sehen Sie sich unsere Fotogalerie an und entdecken Sie den Charme dieses Ortes und die Qualit\u00e4t unserer Arbeit.[\/et_pb_text][et_pb_button button_url=&#8220;#vice&#8220; button_text=&#8220;Galerie&#8220; button_alignment=&#8220;left&#8220; disabled_on=&#8220;off|off|off&#8220; admin_label=&#8220;Button 36&#8243; _builder_version=&#8220;4.27.0&#8243; _module_preset=&#8220;default&#8220; custom_button=&#8220;on&#8220; button_text_size=&#8220;16px&#8220; button_text_color=&#8220;#ffffff&#8220; button_bg_color=&#8220;#27597A&#8220; button_border_width=&#8220;0px&#8220; button_border_radius=&#8220;0px&#8220; button_letter_spacing=&#8220;2px&#8220; button_font=&#8220;Poppins|||on|||||&#8220; button_on_hover=&#8220;off&#8220; custom_margin=&#8220;50px||||false|false&#8220; custom_padding=&#8220;10px|30px|10px|30px|true|true&#8220; hover_enabled=&#8220;0&#8243; custom_css_before=&#8220;    position: absolute;    ||    content: %22%22;||    z-index: -1;||    top: 0;||    bottom: 0;||    left: 0;||    right: 0;||    display: block;||    opacity: 1;||    margin-left: 0;||    background: #27597a;||    -webkit-transform: scaleX(1);||    transform: scaleX(1);||    -webkit-transform-origin: 50%;||    transform-origin: 50%;||    -webkit-transition-property: transform;||    transition-property: transform;||    -webkit-transition-duration: 0.3s;||    transition-duration: 0.3s;||    -webkit-transition-timing-function: ease-out;||    transition-timing-function: ease-out;&#8220; custom_css_main_element=&#8220;    -webkit-transform: perspective(1px) translateZ(0);||    transform: perspective(1px) translateZ(0);&#8220; custom_css_after=&#8220;    content: %22%22;||    position: absolute;&#8220; locked=&#8220;off&#8220; global_colors_info=&#8220;{}&#8220; custom_css_before__hover_enabled=&#8220;on|desktop&#8220; custom_css_before__hover=&#8220;    -webkit-transform: scaleX(0);||    transform: scaleX(0);&#8220; custom_css_after__hover_enabled=&#8220;off|hover&#8220; button_text_color__hover_enabled=&#8220;off|desktop&#8220; button_text_color__hover=&#8220;#ffffff&#8220; button_bg_color__hover_enabled=&#8220;on|hover&#8220; button_bg_color__hover=&#8220;#E86B15&#8243; button_bg_enable_color__hover=&#8220;on&#8220; sticky_enabled=&#8220;0&#8243;][\/et_pb_button][\/et_pb_column][\/et_pb_row][\/et_pb_section][et_pb_section fb_built=&#8220;1&#8243; module_id=&#8220;vice&#8220; _builder_version=&#8220;4.27.0&#8243; _module_preset=&#8220;default&#8220; background_image=&#8220;https:\/\/chalupypodsmedavou.cz\/wp-content\/uploads\/2024\/06\/Navrh-bez-nazsdfsdfvu-81-1.png&#8220; background_size=&#8220;custom&#8220; background_image_width=&#8220;470px&#8220; background_position=&#8220;bottom_right&#8220; background_horizontal_offset=&#8220;9%&#8220; background_vertical_offset=&#8220;-0.2%&#8220; custom_padding=&#8220;4px|||||&#8220; hover_enabled=&#8220;0&#8243; background_last_edited=&#8220;on|phone&#8220; background_enable_image_phone=&#8220;off&#8220; global_colors_info=&#8220;{}&#8220; sticky_enabled=&#8220;0&#8243;][et_pb_row custom_padding_last_edited=&#8220;on|phone&#8220; _builder_version=&#8220;4.25.1&#8243; _module_preset=&#8220;default&#8220; width_tablet=&#8220;100%&#8220; width_phone=&#8220;90%&#8220; width_last_edited=&#8220;on|phone&#8220; module_alignment=&#8220;center&#8220; custom_margin=&#8220;100px||||false|true&#8220; custom_padding_tablet=&#8220;18px|15px||15px|false|true&#8220; custom_padding_phone=&#8220;|0px||0px|false|true&#8220; global_colors_info=&#8220;{}&#8220;][et_pb_column type=&#8220;4_4&#8243; _builder_version=&#8220;4.25.1&#8243; _module_preset=&#8220;default&#8220; global_colors_info=&#8220;{}&#8220;][et_pb_blurb title=&#8220;Haus in den Farbt\u00f6nen des Fr\u00fchlings&#8220; image=&#8220;https:\/\/chalupypodsmedavou.cz\/wp-content\/uploads\/2024\/06\/clover.png&#8220; icon_placement=&#8220;left&#8220; image_icon_width=&#8220;40px&#8220; content_max_width=&#8220;100%&#8220; _builder_version=&#8220;4.25.1&#8243; _module_preset=&#8220;default&#8220; header_level=&#8220;h2&#8243; header_font=&#8220;|700|||||||&#8220; header_text_color=&#8220;#27597A&#8220; header_font_size=&#8220;22px&#8220; header_line_height=&#8220;1.1em&#8220; image_icon_custom_margin=&#8220;-5px|1px||0px|false|false&#8220; image_icon_custom_padding=&#8220;0px||0px|0px|false|false&#8220; custom_margin=&#8220;||21px||false|false&#8220; header_font_size_tablet=&#8220;56px&#8220; header_font_size_phone=&#8220;30px&#8220; header_font_size_last_edited=&#8220;off|tablet&#8220; locked=&#8220;off&#8220; global_colors_info=&#8220;{}&#8220;][\/et_pb_blurb][difl_packerygallery gallery=&#8220;77764,77767,77769,77752,77743,77742,77751,77749,77745,77744,77748,77746,77756,77757,77758,77753,77759,77766,77762,77765,77770&#8243; load_more=&#8220;on&#8220; init_count=&#8220;8&#8243; image_count=&#8220;8&#8243; load_more_text=&#8220;Mehr Fotos&#8220; use_lightbox=&#8220;on&#8220; more_btn_align=&#8220;center&#8220; spinner_color=&#8220;#27597A&#8220; more_btn_bg_bgcolor=&#8220;#27597A&#8220; load_more_padding=&#8220;10px|30px|10px|30px|true|true&#8220; disabled_on=&#8220;off|off|off&#8220; _builder_version=&#8220;4.25.1&#8243; _module_preset=&#8220;default&#8220; more_btn_font=&#8220;Poppins|600||on|||||&#8220; more_btn_text_color=&#8220;#FFFFFF&#8220; more_btn_font_size=&#8220;15px&#8220; more_btn_letter_spacing=&#8220;1px&#8220; saved_tabs=&#8220;all&#8220; global_colors_info=&#8220;{}&#8220;][\/difl_packerygallery][\/et_pb_column][\/et_pb_row][et_pb_row custom_padding_last_edited=&#8220;on|phone&#8220; _builder_version=&#8220;4.25.1&#8243; _module_preset=&#8220;default&#8220; width_tablet=&#8220;100%&#8220; width_phone=&#8220;90%&#8220; width_last_edited=&#8220;on|phone&#8220; module_alignment=&#8220;center&#8220; custom_margin=&#8220;70px|auto||auto|false|true&#8220; custom_padding_tablet=&#8220;18px|15px||15px|false|true&#8220; custom_padding_phone=&#8220;|0px||0px|false|true&#8220; global_colors_info=&#8220;{}&#8220;][et_pb_column type=&#8220;4_4&#8243; _builder_version=&#8220;4.25.1&#8243; _module_preset=&#8220;default&#8220; global_colors_info=&#8220;{}&#8220;][et_pb_blurb title=&#8220;Haus in den Schattierungen des Sommers&#8220; image=&#8220;https:\/\/chalupypodsmedavou.cz\/wp-content\/uploads\/2024\/06\/sun.png&#8220; icon_placement=&#8220;left&#8220; image_icon_width=&#8220;40px&#8220; content_max_width=&#8220;100%&#8220; _builder_version=&#8220;4.25.1&#8243; _module_preset=&#8220;default&#8220; header_level=&#8220;h2&#8243; header_font=&#8220;|700|||||||&#8220; header_text_color=&#8220;#27597A&#8220; header_font_size=&#8220;22px&#8220; header_line_height=&#8220;1.1em&#8220; image_icon_custom_margin=&#8220;-5px|1px||0px|false|false&#8220; image_icon_custom_padding=&#8220;0px||0px|0px|false|false&#8220; custom_margin=&#8220;||21px||false|false&#8220; header_font_size_tablet=&#8220;56px&#8220; header_font_size_phone=&#8220;30px&#8220; header_font_size_last_edited=&#8220;off|tablet&#8220; locked=&#8220;off&#8220; global_colors_info=&#8220;{}&#8220;][\/et_pb_blurb][difl_packerygallery gallery=&#8220;77705,77698,77702,77695,77674,77676,77696,77707,77684,77677,77678,77679,77685,77688,77689,77693,77694,77704,77703,77700&#8243; load_more=&#8220;on&#8220; init_count=&#8220;8&#8243; image_count=&#8220;8&#8243; load_more_text=&#8220;Mehr Fotos&#8220; use_lightbox=&#8220;on&#8220; more_btn_align=&#8220;center&#8220; spinner_color=&#8220;#27597A&#8220; more_btn_bg_bgcolor=&#8220;#27597A&#8220; load_more_padding=&#8220;10px|30px|10px|30px|true|true&#8220; disabled_on=&#8220;off|off|off&#8220; _builder_version=&#8220;4.25.1&#8243; _module_preset=&#8220;default&#8220; more_btn_font=&#8220;Poppins|600||on|||||&#8220; more_btn_text_color=&#8220;#FFFFFF&#8220; more_btn_font_size=&#8220;15px&#8220; more_btn_letter_spacing=&#8220;1px&#8220; saved_tabs=&#8220;all&#8220; global_colors_info=&#8220;{}&#8220;][\/difl_packerygallery][\/et_pb_column][\/et_pb_row][et_pb_row custom_padding_last_edited=&#8220;on|phone&#8220; _builder_version=&#8220;4.25.1&#8243; _module_preset=&#8220;default&#8220; width_tablet=&#8220;100%&#8220; width_phone=&#8220;90%&#8220; width_last_edited=&#8220;on|phone&#8220; module_alignment=&#8220;center&#8220; custom_margin=&#8220;70px|auto||auto|false|true&#8220; custom_padding_tablet=&#8220;18px|15px||15px|false|true&#8220; custom_padding_phone=&#8220;|0px||0px|false|true&#8220; global_colors_info=&#8220;{}&#8220;][et_pb_column type=&#8220;4_4&#8243; _builder_version=&#8220;4.25.1&#8243; _module_preset=&#8220;default&#8220; global_colors_info=&#8220;{}&#8220;][et_pb_blurb title=&#8220;Haus in den Schattierungen des Herbstes&#8220; image=&#8220;https:\/\/chalupypodsmedavou.cz\/wp-content\/uploads\/2024\/06\/maple-leaf.png&#8220; icon_placement=&#8220;left&#8220; image_icon_width=&#8220;40px&#8220; content_max_width=&#8220;100%&#8220; _builder_version=&#8220;4.25.1&#8243; _module_preset=&#8220;default&#8220; header_level=&#8220;h2&#8243; header_font=&#8220;|700|||||||&#8220; header_text_color=&#8220;#27597A&#8220; header_font_size=&#8220;22px&#8220; header_line_height=&#8220;1.1em&#8220; image_icon_custom_margin=&#8220;-5px|1px||0px|false|false&#8220; image_icon_custom_padding=&#8220;0px||0px|0px|false|false&#8220; custom_margin=&#8220;||21px||false|false&#8220; custom_padding=&#8220;||0px|||&#8220; header_font_size_tablet=&#8220;56px&#8220; header_font_size_phone=&#8220;30px&#8220; header_font_size_last_edited=&#8220;off|tablet&#8220; locked=&#8220;off&#8220; global_colors_info=&#8220;{}&#8220;][\/et_pb_blurb][difl_packerygallery gallery=&#8220;77632,77657,77633,77640,77643,77634,77635,77636,77639,77637,77638,77653,77641,77642,77644,77645,77648,77651,77647,77646,77652,77654,77659,77661&#8243; load_more=&#8220;on&#8220; init_count=&#8220;8&#8243; image_count=&#8220;8&#8243; load_more_text=&#8220;Mehr Fotos&#8220; use_lightbox=&#8220;on&#8220; more_btn_align=&#8220;center&#8220; spinner_color=&#8220;#27597A&#8220; more_btn_bg_bgcolor=&#8220;#27597A&#8220; load_more_padding=&#8220;10px|30px|10px|30px|true|true&#8220; disabled_on=&#8220;off|off|off&#8220; _builder_version=&#8220;4.25.1&#8243; _module_preset=&#8220;default&#8220; more_btn_font=&#8220;Poppins|600||on|||||&#8220; more_btn_text_color=&#8220;#FFFFFF&#8220; more_btn_font_size=&#8220;15px&#8220; more_btn_letter_spacing=&#8220;1px&#8220; saved_tabs=&#8220;all&#8220; global_colors_info=&#8220;{}&#8220;][\/difl_packerygallery][\/et_pb_column][\/et_pb_row][et_pb_row custom_padding_last_edited=&#8220;on|phone&#8220; _builder_version=&#8220;4.25.1&#8243; _module_preset=&#8220;default&#8220; width_tablet=&#8220;100%&#8220; width_phone=&#8220;90%&#8220; width_last_edited=&#8220;on|phone&#8220; module_alignment=&#8220;center&#8220; custom_margin=&#8220;70px|auto||auto|false|true&#8220; custom_padding_tablet=&#8220;18px|15px||15px|false|true&#8220; custom_padding_phone=&#8220;|0px||0px|false|true&#8220; global_colors_info=&#8220;{}&#8220;][et_pb_column type=&#8220;4_4&#8243; _builder_version=&#8220;4.25.1&#8243; _module_preset=&#8220;default&#8220; global_colors_info=&#8220;{}&#8220;][et_pb_blurb title=&#8220;Haus in den Schattierungen des Winters&#8220; image=&#8220;https:\/\/chalupypodsmedavou.cz\/wp-content\/uploads\/2024\/06\/snowflake.png&#8220; icon_placement=&#8220;left&#8220; image_icon_width=&#8220;40px&#8220; content_max_width=&#8220;100%&#8220; _builder_version=&#8220;4.25.1&#8243; _module_preset=&#8220;default&#8220; header_level=&#8220;h2&#8243; header_font=&#8220;|700|||||||&#8220; header_text_color=&#8220;#27597A&#8220; header_font_size=&#8220;22px&#8220; header_line_height=&#8220;1.1em&#8220; image_icon_custom_margin=&#8220;-5px|1px||0px|false|false&#8220; image_icon_custom_padding=&#8220;0px||0px|0px|false|false&#8220; custom_margin=&#8220;||21px||false|false&#8220; header_font_size_tablet=&#8220;56px&#8220; header_font_size_phone=&#8220;30px&#8220; header_font_size_last_edited=&#8220;off|tablet&#8220; locked=&#8220;off&#8220; global_colors_info=&#8220;{}&#8220;][\/et_pb_blurb][difl_packerygallery gallery=&#8220;77626,77628,77606,77607,77619,77605,77621,77615,77617,77604,77602,77603,77608,77609,77616,77622,77625,77612,77613,77618,77620,77623,77624,77627&#8243; load_more=&#8220;on&#8220; init_count=&#8220;8&#8243; image_count=&#8220;8&#8243; load_more_text=&#8220;Mehr Fotos&#8220; use_lightbox=&#8220;on&#8220; more_btn_align=&#8220;center&#8220; spinner_color=&#8220;#27597A&#8220; more_btn_bg_bgcolor=&#8220;#27597A&#8220; load_more_padding=&#8220;10px|30px|10px|30px|true|true&#8220; disabled_on=&#8220;off|off|off&#8220; _builder_version=&#8220;4.25.1&#8243; _module_preset=&#8220;default&#8220; more_btn_font=&#8220;Poppins|600||on|||||&#8220; more_btn_text_color=&#8220;#FFFFFF&#8220; more_btn_font_size=&#8220;15px&#8220; more_btn_letter_spacing=&#8220;1px&#8220; saved_tabs=&#8220;all&#8220; global_colors_info=&#8220;{}&#8220;][\/difl_packerygallery][\/et_pb_column][\/et_pb_row][et_pb_row column_structure=&#8220;1_2,1_2&#8243; _builder_version=&#8220;4.25.1&#8243; _module_preset=&#8220;default&#8220; width_tablet=&#8220;&#8220; width_phone=&#8220;90%&#8220; width_last_edited=&#8220;on|phone&#8220; global_colors_info=&#8220;{}&#8220;][et_pb_column type=&#8220;1_2&#8243; _builder_version=&#8220;4.25.1&#8243; _module_preset=&#8220;default&#8220; global_colors_info=&#8220;{}&#8220;][et_pb_text _builder_version=&#8220;4.25.1&#8243; _module_preset=&#8220;default&#8220; text_font=&#8220;Manrope||||||||&#8220; text_text_color=&#8220;#716e6b&#8220; text_line_height=&#8220;1.6em&#8220; custom_margin=&#8220;20px||45px||false|false&#8220; custom_padding=&#8220;0px||0px||false|false&#8220; locked=&#8220;off&#8220; global_colors_info=&#8220;{}&#8220;]<\/p>\n<p><strong>Pr\u00fcfen Sie die Verf\u00fcgbarkeit f\u00fcr die idealen Termine<\/strong> und buchen Sie noch heute Ihren entspannenden Traumaufenthalt unter dem Isergebirge. Lassen Sie sich in einer entspannenden und luxuri\u00f6sen Unterkunft von der Natur umgeben.<\/p>\n<p>[\/et_pb_text][et_pb_button button_url=&#8220;https:\/\/chalupypodsmedavou.cz\/de\/unsere-haeuser\/&#8220; button_text=&#8220;Unsere H\u00e4user und Termine&#8220; button_alignment=&#8220;center&#8220; disabled_on=&#8220;off|off|off&#8220; admin_label=&#8220;Button 36&#8243; _builder_version=&#8220;4.27.0&#8243; _module_preset=&#8220;default&#8220; custom_button=&#8220;on&#8220; button_text_size=&#8220;16px&#8220; button_text_color=&#8220;#ffffff&#8220; button_bg_color=&#8220;#27597A&#8220; button_border_width=&#8220;0px&#8220; button_border_radius=&#8220;0px&#8220; button_letter_spacing=&#8220;2px&#8220; button_font=&#8220;Poppins|||on|||||&#8220; button_on_hover=&#8220;off&#8220; custom_margin=&#8220;50px||||false|false&#8220; custom_padding=&#8220;10px|30px|10px|30px|true|true&#8220; hover_enabled=&#8220;0&#8243; custom_css_before=&#8220;    position: absolute;    ||    content: %22%22;||    z-index: -1;||    top: 0;||    bottom: 0;||    left: 0;||    right: 0;||    display: block;||    opacity: 1;||    margin-left: 0;||    background: #27597a;||    -webkit-transform: scaleX(1);||    transform: scaleX(1);||    -webkit-transform-origin: 50%;||    transform-origin: 50%;||    -webkit-transition-property: transform;||    transition-property: transform;||    -webkit-transition-duration: 0.3s;||    transition-duration: 0.3s;||    -webkit-transition-timing-function: ease-out;||    transition-timing-function: ease-out;&#8220; custom_css_main_element=&#8220;    -webkit-transform: perspective(1px) translateZ(0);||    transform: perspective(1px) translateZ(0);&#8220; custom_css_after=&#8220;    content: %22%22;||    position: absolute;&#8220; locked=&#8220;off&#8220; global_colors_info=&#8220;{}&#8220; custom_css_before__hover_enabled=&#8220;on|desktop&#8220; custom_css_before__hover=&#8220;    -webkit-transform: scaleX(0);||    transform: scaleX(0);&#8220; custom_css_after__hover_enabled=&#8220;off|hover&#8220; button_text_color__hover_enabled=&#8220;off|desktop&#8220; button_text_color__hover=&#8220;#ffffff&#8220; button_bg_color__hover_enabled=&#8220;on|hover&#8220; button_bg_color__hover=&#8220;#E86B15&#8243; button_bg_enable_color__hover=&#8220;on&#8220; sticky_enabled=&#8220;0&#8243;][\/et_pb_button][\/et_pb_column][et_pb_column type=&#8220;1_2&#8243; _builder_version=&#8220;4.25.1&#8243; _module_preset=&#8220;default&#8220; global_colors_info=&#8220;{}&#8220;][\/et_pb_column][\/et_pb_row][\/et_pb_section]<\/p>\n","protected":false},"excerpt":{"rendered":"<p>Unser einzigartiges Projekt, das auf einer Wiese unterhalb des Isergebirges liegt, bietet einzigartige und atemberaubende Aussichten. Die Lage bietet viele M\u00f6glichkeiten f\u00fcr aktive Aktivit\u00e4ten und Entspannung und wird allen Ihren Bed\u00fcrfnissen gerecht. Bei der Gestaltung unserer H\u00e4user haben wir gr\u00f6\u00dften Wert auf Komfort gelegt und jedes Detail sorgf\u00e4ltig bedacht. Wir glauben, dass Sie sich nicht [&hellip;]<\/p>\n","protected":false},"author":2,"featured_media":0,"parent":0,"menu_order":0,"comment_status":"closed","ping_status":"closed","template":"","meta":{"_et_pb_use_builder":"on","_et_pb_old_content":"","_et_gb_content_width":"","footnotes":""},"difl_page_category":[],"class_list":["post-79194","page","type-page","status-publish","hentry"],"aioseo_notices":[],"_links":{"self":[{"href":"https:\/\/chalupypodsmedavou.cz\/de\/wp-json\/wp\/v2\/pages\/79194","targetHints":{"allow":["GET"]}}],"collection":[{"href":"https:\/\/chalupypodsmedavou.cz\/de\/wp-json\/wp\/v2\/pages"}],"about":[{"href":"https:\/\/chalupypodsmedavou.cz\/de\/wp-json\/wp\/v2\/types\/page"}],"author":[{"embeddable":true,"href":"https:\/\/chalupypodsmedavou.cz\/de\/wp-json\/wp\/v2\/users\/2"}],"replies":[{"embeddable":true,"href":"https:\/\/chalupypodsmedavou.cz\/de\/wp-json\/wp\/v2\/comments?post=79194"}],"version-history":[{"count":6,"href":"https:\/\/chalupypodsmedavou.cz\/de\/wp-json\/wp\/v2\/pages\/79194\/revisions"}],"predecessor-version":[{"id":79410,"href":"https:\/\/chalupypodsmedavou.cz\/de\/wp-json\/wp\/v2\/pages\/79194\/revisions\/79410"}],"wp:attachment":[{"href":"https:\/\/chalupypodsmedavou.cz\/de\/wp-json\/wp\/v2\/media?parent=79194"}],"wp:term":[{"taxonomy":"difl_page_category","embeddable":true,"href":"https:\/\/chalupypodsmedavou.cz\/de\/wp-json\/wp\/v2\/difl_page_category?post=79194"}],"curies":[{"name":"wp","href":"https:\/\/api.w.org\/{rel}","templated":true}]}}