{"id":79230,"date":"2024-06-27T10:53:59","date_gmt":"2024-06-27T10:53:59","guid":{"rendered":"https:\/\/chalupypodsmedavou.cz\/unterbringungsregeln-der-ferienanlage-chalupy-pod-smedavaou\/"},"modified":"2024-08-02T09:01:29","modified_gmt":"2024-08-02T09:01:29","slug":"unterbringungsregeln-der-ferienanlage-chalupy-pod-smedavaou","status":"publish","type":"page","link":"https:\/\/chalupypodsmedavou.cz\/de\/unterbringungsregeln-der-ferienanlage-chalupy-pod-smedavaou\/","title":{"rendered":"Unterbringungsregeln der Ferienanlage Chalupy pod&nbsp;Smedavaou"},"content":{"rendered":"<p>[et_pb_section fb_built=&#8220;1&#8243; _builder_version=&#8220;4.25.1&#8243; _module_preset=&#8220;default&#8220; global_colors_info=&#8220;{}&#8220;][et_pb_row _builder_version=&#8220;4.25.1&#8243; _module_preset=&#8220;default&#8220; width=&#8220;90%&#8220; width_tablet=&#8220;90%&#8220; width_phone=&#8220;90%&#8220; width_last_edited=&#8220;on|phone&#8220; global_colors_info=&#8220;{}&#8220;][et_pb_column type=&#8220;4_4&#8243; _builder_version=&#8220;4.25.1&#8243; _module_preset=&#8220;default&#8220; global_colors_info=&#8220;{}&#8220;][et_pb_text _builder_version=&#8220;4.25.1&#8243; _module_preset=&#8220;default&#8220; global_colors_info=&#8220;{}&#8220;]<\/p>\n<h1 class=\"p1\"><b>Unterbringungsregeln der Ferienanlage Chalupy pod&nbsp;Smedavaou<\/b><\/h1>\n<p><b><\/b><\/p>\n<p><b><\/b><\/p>\n<p class=\"p2\">Anlage: Resort Chalupy pod&nbsp;Sm\u011bdavaou, Adresse B\u00edl\u00fd Potok 432-435, B\u00edl\u00fd Potok<\/p>\n<p class=\"p2\">Betreiber: Reflex Development s.r.o., Ra\u0161\u00ednovo n\u00e1b\u0159e\u017e\u00ed 2000\/78, Praha 2, 12000, ID: 24308447<\/p>\n<p class=\"p2\">(im Folgenden als Resort bezeichnet)<\/p>\n<ol class=\"ol1\">\n<li class=\"li3\">Das Resort bietet vor\u00fcbergehende Beherbergungsdienstleistungen im Sinne von \u00a7 2326 ff.<br \/>\nB\u00fcrgerliches Gesetzbuch in seiner ge\u00e4nderten Fassung, an G\u00e4ste durch die Vermietung von H\u00e4usern, die vom Betreiber langfristig angemietet werden. <\/li>\n<li class=\"li3\">Das Resort darf nur G\u00e4ste beherbergen, die eine g\u00fcltige und vollst\u00e4ndig bezahlte Reservierung haben.<br \/>\nJeder Gast muss auf dem Anmeldeformular, das ihm vor seiner Ankunft per E-Mail zugesandt wurde, die erforderlichen Angaben zu seiner Identit\u00e4t machen.<br \/>\nDer Ausl\u00e4nder ist verpflichtet, im Voraus die Angaben zu seinem Reisedokument im Sinne des Gesetzes \u00fcber den Aufenthalt von Ausl\u00e4ndern auf dem Gebiet der Tschechischen Republik zu machen.  <\/li>\n<li class=\"li3\">Die Bestimmungen dieser Unterkunftsordnung m\u00fcssen von jedem Gast eingehalten werden.<\/li>\n<li class=\"li3\">Beim Check-in hat der Gast Anspruch auf eine vor\u00fcbergehende Unterkunft f\u00fcr den vereinbarten Zeitraum.<\/li>\n<li class=\"li3\">Nach dem Ausf\u00fcllen des Anmeldeformulars, sp\u00e4testens jedoch 24 Stunden vor der erwarteten Ankunft, erh\u00e4lt der Gast alle notwendigen Informationen f\u00fcr die Ankunft und die Unterkunft, insbesondere die genaue Adresse, inkl.<br \/>\nDen Code f\u00fcr das elektronische Schloss an der Eingangst\u00fcr. <\/li>\n<li class=\"li3\">Auf der Grundlage der best\u00e4tigten Reservierung ist der Gast berechtigt, am Anreisetag ab 15:00 Uhr einzuchecken und verpflichtet, die Unterkunft am Abreisetag bis 10:00 Uhr zu verlassen.<br \/>\nG\u00e4ste k\u00f6nnen mit einer Vorank\u00fcndigung von mindestens zwei Tagen einen fr\u00fcheren Check-in oder einen sp\u00e4teren Check-out beantragen.<br \/>\nWenn dies aufgrund von anderen Verkehrsproblemen m\u00f6glich ist, wird der Vermieter dies umgehend best\u00e4tigen.<br \/>\nDie Geb\u00fchr f\u00fcr einen fr\u00fcheren Check-in oder einen sp\u00e4teren Check-out betr\u00e4gt 500,- CZK.<br \/>\nDer Betreiber ist auch berechtigt, diese Geb\u00fchr zu erheben, wenn der Gast das Objekt ohne vorherige Absprache nicht p\u00fcnktlich verl\u00e4sst.    <\/li>\n<li class=\"li3\">Wenn Sie eine Unterkunft \u00fcber einen Verkaufskanal (z.B. Booking.com, Airbnb, etc.) kaufen, gelten f\u00fcr die Stornierungsbedingungen die Regeln dieses Verkaufskanals.<\/li>\n<li class=\"li3\">Das Resort beh\u00e4lt sich das Recht vor, dem Gast in Ausnahmef\u00e4llen eine andere als die vereinbarte Unterkunft anzubieten, wenn diese sich in Art und Kapazit\u00e4t nicht wesentlich von der best\u00e4tigten Buchung unterscheidet.<\/li>\n<li class=\"li3\">Wenn der Gast um eine Verl\u00e4ngerung des Unterkunftszeitraums gegen\u00fcber der vereinbarten Zeit bittet und das Resort \u00fcber freie Kapazit\u00e4ten verf\u00fcgt, kann der Unterkunftszeitraum verl\u00e4ngert werden.<br \/>\nDas Resort kann dem Gast jedoch eine andere Unterkunft anbieten als die, in der er\/sie urspr\u00fcnglich untergebracht war. <\/li>\n<li class=\"li3\"><span class=\"s1\"><\/span>F\u00fcr die Unterkunft und eventuelle kleinere Sch\u00e4den muss der Gast eine Kaution in H\u00f6he von CZK 3.000,00 hinterlegen, die sp\u00e4testens am Tag der Ankunft in Form eines Blocks auf einer Kreditkarte hinterlegt werden muss.<br \/>\nDiese Kaution wird dem Gast nach dem Check-out nach \u00dcberpr\u00fcfung des Objekts in voller H\u00f6he zur\u00fcckerstattet. <\/li>\n<li class=\"li3\">Bei starker Verschmutzung des Objekts, die nicht dem normalen Gebrauch entspricht, wird eine zus\u00e4tzliche Geb\u00fchr von 2500 CZK\/100 EUR f\u00fcr die zus\u00e4tzliche Reinigung erhoben.<\/li>\n<li class=\"li3\">Das Resort bietet G\u00e4sten und Besuchern einen kostenlosen WiFi-Internetzugang.<br \/>\nBei der Nutzung des WIFI-Netzwerks ist jeder Nutzer verpflichtet, alle geltenden Gesetze und Vorschriften einzuhalten, insbesondere die Verletzung von Urheberrechtsgesetzen, die illegale Weitergabe oder das Herunterladen von Kunstwerken, die \u00dcberlastung des WiFi-Netzwerks, die Durchf\u00fchrung von Aktivit\u00e4ten, die zur \u00dcbertragung oder Verbreitung von Computerviren f\u00fchren, das Versenden unerw\u00fcnschter Nachrichten (Spam), die Verbreitung von Alarmmeldungen sowie die Durchf\u00fchrung anderer Aktivit\u00e4ten, die gegen entsprechende Gesetze und Vorschriften versto\u00dfen, zu vermeiden. <\/li>\n<li class=\"li3\">Der Gast ist verpflichtet, die Vollst\u00e4ndigkeit der Ausr\u00fcstung und ihren Zustand gem\u00e4\u00df der Ausr\u00fcstungsliste sofort bei Ankunft im reservierten Unterkunftsbereich zu \u00fcberpr\u00fcfen und fehlende oder besch\u00e4digte Ausr\u00fcstung sofort an die Kontakt-E-Mail zu melden, idealerweise inkl.<br \/>\nFotodokumentation.<br \/>\nDer Gast ist auch verpflichtet, Sch\u00e4den an der Ausr\u00fcstung, die er w\u00e4hrend der Unterbringung feststellt, zu melden.  <\/li>\n<li class=\"li3\">Der Gast ist berechtigt, die Einrichtungen der Geb\u00e4ude gem\u00e4\u00df den beiliegenden Anweisungen nur f\u00fcr die Zwecke zu nutzen, f\u00fcr die sie bestimmt sind.<\/li>\n<li class=\"li3\">Die G\u00e4ste d\u00fcrfen ohne Zustimmung der Resortleitung keine wesentlichen Ver\u00e4nderungen an den zur Nutzung \u00fcberlassenen R\u00e4umlichkeiten vornehmen, d.h. sie d\u00fcrfen keine Ger\u00e4te und Einrichtungen verlegen oder Eingriffe in das Stromnetz oder andere Installationen vornehmen.<\/li>\n<li class=\"li3\">Der Gast haftet f\u00fcr alle Sch\u00e4den, die er am Eigentum verursacht, es sei denn, er beweist, dass er sie nicht verursacht hat, und ist verpflichtet, den Schaden sofort zu bezahlen.<br \/>\nDiese Forderung des Resorts gilt auch f\u00fcr Sch\u00e4den, die nach der Abreise des Gastes entdeckt werden.<br \/>\nKleinere Sch\u00e4den werden direkt von der Kaution bezahlt.<br \/>\nBei gr\u00f6\u00dferen Sch\u00e4den, bei denen der Betrag nicht im Voraus bestimmt werden kann, wird die Kaution einbehalten und dem Gast nach einer genauen Quantifizierung in Rechnung gestellt.<br \/>\nWenn der Schaden den Betrag der Kaution \u00fcbersteigt, wird dem Gast eine Rechnung zugeschickt.    <\/li>\n<li class=\"li3\">Der Gast ist verpflichtet, sich in den R\u00e4umlichkeiten der Unterkunft, im Haus und im angrenzenden Gartenbereich zu benehmen, insbesondere von 22.00.<br \/>\nbis 7.00 Uhr morgens.<br \/>\nDer Gast darf die Ruhe und den Frieden der anderen G\u00e4ste und der Nachbarn nicht st\u00f6ren.<br \/>\nVerst\u00f6\u00dft er trotz Abmahnung in schwerwiegender Weise gegen die guten Sitten oder verst\u00f6\u00dft er in sonstiger Weise grob gegen die Beherbergungsordnung, kann der Beherbergungsbetrieb den Vertrag vor Ablauf der vereinbarten Beherbergungsdauer k\u00fcndigen oder vom Vertrag zur\u00fccktreten.   <\/li>\n<li class=\"li3\">G\u00e4ste d\u00fcrfen Hunde nur mit dem Wissen des Betreibers in das Resort mitbringen und wenn ihr Aufenthalt ordnungsgem\u00e4\u00df gebucht und bezahlt wurde.<br \/>\nDie maximale Anzahl von Hunden betr\u00e4gt zwei pro&nbsp;Anwesen. <span class=\"Apple-converted-space\">  <\/span>Jeder Hund muss in allen \u00f6ffentlichen Bereichen des Resorts an der Leine gef\u00fchrt werden.<br \/>\nHunde oder andere Tiere d\u00fcrfen nicht auf Betten oder anderen Einrichtungen des Resorts oder Einrichtungen, die zur Erholung der G\u00e4ste genutzt werden, ruhen\/liegen.<br \/>\nDer Gast, der dem Tier den Aufenthalt auf dem Gel\u00e4nde erlaubt hat, tr\u00e4gt die volle Verantwortung f\u00fcr das Tier.<br \/>\nAusgenommen hiervon sind taube und h\u00f6rgesch\u00e4digte Signalhunde und \u00e4hnliche Assistenzhunde.<br \/>\nSie sind im Resort jederzeit kostenlos erlaubt.<br \/>\nTiere d\u00fcrfen auf dem Gel\u00e4nde nicht allein und unbeaufsichtigt gelassen werden.     <\/li>\n<li class=\"li3\">Das Rauchen ist in den Innenr\u00e4umen der Einrichtungen streng verboten.<br \/>\nIm Falle eines Versto\u00dfes gegen das Verbot wird dem Gast eine zus\u00e4tzliche Reinigung in Rechnung gestellt. <\/li>\n<li class=\"li3\">Das Resort darf nur auf den Zufahrtsstra\u00dfen betreten und befahren werden, das Parken von Fahrzeugen ist in den daf\u00fcr vorgesehenen Bereichen erlaubt.<br \/>\nDas Resort ist nicht verantwortlich f\u00fcr Diebstahl oder Sch\u00e4den an Fahrzeugen, die auf dem Gel\u00e4nde des Resorts abgestellt werden.<br \/>\nDas Resort r\u00e4t seinen G\u00e4sten, daf\u00fcr zu sorgen, dass ihr Fahrzeug ordnungsgem\u00e4\u00df verschlossen und gesichert ist.<br \/>\nEs wird auch empfohlen, pers\u00f6nliche und wertvolle Gegenst\u00e4nde nicht lose im Fahrzeug zu lassen.<br \/>\nDas Resort ist nicht verantwortlich f\u00fcr Sch\u00e4den, die ein Gast Dritten auf den Parkpl\u00e4tzen des Resorts zuf\u00fcgt.<br \/>\nDas Resort beh\u00e4lt sich das Recht vor, Sch\u00e4den am Eigentum des Resorts, die durch das Fahrzeug eines Gastes entstanden sind, zu reklamieren und in Rechnung zu stellen.     <\/li>\n<li class=\"li3\">Der Gast ist verpflichtet, beim Verlassen des Hauses den Wasserhahn zuzudrehen, das Licht auszuschalten, die Fenster und T\u00fcren zu schlie\u00dfen und das Haus ordnungsgem\u00e4\u00df abzuschlie\u00dfen.<\/li>\n<li class=\"li3\">W\u00e4hrend des Aufenthalts auf dem Gel\u00e4nde des Resorts ist jeder Gast verpflichtet, sich so zu verhalten, dass kein Feuer verursacht wird.<br \/>\nDas Verhalten der G\u00e4ste im Falle eines Brandes ist in den Richtlinien f\u00fcr den Feueralarm geregelt. <\/li>\n<li class=\"li3\">Der Zugang zum bewohnten Geb\u00e4ude ist nur dem Management und dem Wartungspersonal des Resorts gestattet, wenn eine technische St\u00f6rung im Haus gemeldet wird.<br \/>\nDer Zutritt von Reinigungskr\u00e4ften oder anderen Personen in das bewohnte Objekt ist nur mit vorheriger Zustimmung des Gastes oder auf dessen Wunsch m\u00f6glich. <\/li>\n<li class=\"li3\">Die G\u00e4ste werden gebeten, gute Umgangsformen einzuhalten, insbesondere in den \u00f6ffentlichen Bereichen des Resorts und auf den Terrassen.<br \/>\nEs ist nicht erlaubt, sich in den Gemeinschaftsbereichen des Resorts ohne Kleidung zu bewegen. <\/li>\n<li class=\"li3\">Vergessene Gegenst\u00e4nde von G\u00e4sten des Resorts werden registriert und einen Monat lang aufbewahrt.<br \/>\nSie k\u00f6nnen nur auf Anfrage und auf Kosten des Gastes an dessen Adresse geschickt werden. <\/li>\n<li class=\"li3\">Das Management des Resorts freut sich \u00fcber jeden Verbesserungsvorschlag und dankt Ihnen f\u00fcr Ihre kritischen Anmerkungen.<\/li>\n<li class=\"li3\">Der Gast ist verpflichtet, die Bestimmungen dieser Beherbergungsordnung jederzeit einzuhalten.<br \/>\nVerst\u00f6\u00dft ein Gast trotz Abmahnung grob gegen die Beherbergungsordnung oder die guten Sitten, ist das Resort berechtigt, vor Ablauf der vereinbarten Frist von der Erbringung der Beherbergungsleistungen zur\u00fcckzutreten.<br \/>\nDas Resort hat Anspruch auf eine vollst\u00e4ndige R\u00fcckerstattung des Unterkunftspreises.<br \/>\nDer Gast muss dann das Resort unverz\u00fcglich verlassen.   <\/li>\n<li class=\"li3\">Der Gast, der dem Resort zu Beginn der Unterkunftsleistung seine pers\u00f6nlichen Daten aus seinen Unterlagen zur Verf\u00fcgung stellt, erkl\u00e4rt sich mit der Erfassung, Speicherung und Verarbeitung der dem Verwalter, dem Betreiber Reflex Development s.r.o., zur Verf\u00fcgung gestellten pers\u00f6nlichen Daten zu dem unten genannten Zweck einverstanden. Diese Zustimmung wird freiwillig f\u00fcr alle angegebenen Daten und f\u00fcr einen Zeitraum von 10 Jahren ab dem Datum der Zustimmung erteilt. Mit seiner Unterschrift (oder durch Ankreuzen des entsprechenden K\u00e4stchens im Falle eines Online-Formulars) best\u00e4tigt der Benutzer, dass er \u00fcber seine Rechte im Zusammenhang mit der Verwaltung und Verarbeitung personenbezogener Daten informiert wurde, insbesondere dar\u00fcber, dass er das Recht hat, seine Zustimmung jederzeit kostenlos gem\u00e4\u00df Artikel 11, 21 des Gesetzes Nr. 101\/2000 Slg. zu widerrufen, dass er das Recht auf Zugang zu den personenbezogenen Daten und das Recht hat, diese zu berichtigen, unrichtige personenbezogene Daten zu sperren, sie zu vernichten usw., und dass er das Recht hat, sich im Falle einer vermuteten Verletzung seiner Rechte an das Amt f\u00fcr den Schutz personenbezogener Daten zu wenden. Gem\u00e4\u00df Artikel 5 des Gesetzes Nr. 101\/2000 Slg. \u00fcber den Schutz personenbezogener Daten werden alle zur Verf\u00fcgung gestellten Daten ausschlie\u00dflich f\u00fcr die Marketingzwecke des f\u00fcr die Verarbeitung Verantwortlichen erhoben und verarbeitet, d.h. f\u00fcr die Verbreitung von Marketinginformationen. Der f\u00fcr die Verarbeitung Verantwortliche erkl\u00e4rt, dass er die zur Verf\u00fcgung gestellten Daten in \u00dcbereinstimmung mit den geltenden gesetzlichen Bestimmungen behandeln wird und dass er personenbezogene Daten nur in dem Umfang erheben wird, der zur Erf\u00fcllung des angegebenen Zwecks erforderlich ist, und dass er sie nur in \u00dcbereinstimmung mit dem Zweck, f\u00fcr den sie erhoben wurden, verarbeiten wird. Mitarbeiter des f\u00fcr die Verarbeitung Verantwortlichen oder andere nat\u00fcrliche Personen, die personenbezogene Daten auf der Grundlage eines Vertrags mit dem f\u00fcr die Verarbeitung Verantwortlichen und anderen Personen verarbeiten, sind verpflichtet, die Vertraulichkeit personenbezogener Daten zu wahren, auch nach Beendigung ihres Besch\u00e4ftigungsverh\u00e4ltnisses oder ihrer T\u00e4tigkeit.<\/li>\n<li class=\"li3\">Diese Unterkunftsordnung tritt in Kraft am  <span>1.&nbsp;5.<br \/>\n2024 <\/span>.<\/li>\n<\/ol>\n<p class=\"p2\">In Prag 21.04.2024<\/p>\n<p class=\"p2\">Josef Chvojka<\/p>\n<p class=\"p2\">Gesch\u00e4ftsf\u00fchrerin Reflex Development s.r.o.<\/p>\n<p class=\"p4\">\n<p>[\/et_pb_text][\/et_pb_column][\/et_pb_row][\/et_pb_section]<\/p>\n","protected":false},"excerpt":{"rendered":"<p>Unterbringungsregeln der Ferienanlage Chalupy pod&nbsp;Smedavaou Anlage: Resort Chalupy pod&nbsp;Sm\u011bdavaou, Adresse B\u00edl\u00fd Potok 432-435, B\u00edl\u00fd Potok Betreiber: Reflex Development s.r.o., Ra\u0161\u00ednovo n\u00e1b\u0159e\u017e\u00ed 2000\/78, Praha 2, 12000, ID: 24308447 (im Folgenden als Resort bezeichnet) Das Resort bietet vor\u00fcbergehende Beherbergungsdienstleistungen im Sinne von \u00a7 2326 ff. B\u00fcrgerliches Gesetzbuch in seiner ge\u00e4nderten Fassung, an G\u00e4ste durch die [&hellip;]<\/p>\n","protected":false},"author":2,"featured_media":0,"parent":0,"menu_order":0,"comment_status":"closed","ping_status":"closed","template":"","meta":{"_et_pb_use_builder":"on","_et_pb_old_content":"","_et_gb_content_width":"","footnotes":""},"difl_page_category":[],"class_list":["post-79230","page","type-page","status-publish","hentry"],"aioseo_notices":[],"_links":{"self":[{"href":"https:\/\/chalupypodsmedavou.cz\/de\/wp-json\/wp\/v2\/pages\/79230","targetHints":{"allow":["GET"]}}],"collection":[{"href":"https:\/\/chalupypodsmedavou.cz\/de\/wp-json\/wp\/v2\/pages"}],"about":[{"href":"https:\/\/chalupypodsmedavou.cz\/de\/wp-json\/wp\/v2\/types\/page"}],"author":[{"embeddable":true,"href":"https:\/\/chalupypodsmedavou.cz\/de\/wp-json\/wp\/v2\/users\/2"}],"replies":[{"embeddable":true,"href":"https:\/\/chalupypodsmedavou.cz\/de\/wp-json\/wp\/v2\/comments?post=79230"}],"version-history":[{"count":2,"href":"https:\/\/chalupypodsmedavou.cz\/de\/wp-json\/wp\/v2\/pages\/79230\/revisions"}],"predecessor-version":[{"id":79232,"href":"https:\/\/chalupypodsmedavou.cz\/de\/wp-json\/wp\/v2\/pages\/79230\/revisions\/79232"}],"wp:attachment":[{"href":"https:\/\/chalupypodsmedavou.cz\/de\/wp-json\/wp\/v2\/media?parent=79230"}],"wp:term":[{"taxonomy":"difl_page_category","embeddable":true,"href":"https:\/\/chalupypodsmedavou.cz\/de\/wp-json\/wp\/v2\/difl_page_category?post=79230"}],"curies":[{"name":"wp","href":"https:\/\/api.w.org\/{rel}","templated":true}]}}