{"id":79227,"date":"2024-06-27T10:53:59","date_gmt":"2024-06-27T10:53:59","guid":{"rendered":"https:\/\/chalupypodsmedavou.cz\/zasady-zakwaterowania-w-osrodku-chalupy-pod-smedavaou\/"},"modified":"2024-08-02T09:01:29","modified_gmt":"2024-08-02T09:01:29","slug":"zasady-zakwaterowania-w-osrodku-chalupy-pod-smedavaou","status":"publish","type":"page","link":"https:\/\/chalupypodsmedavou.cz\/pl\/zasady-zakwaterowania-w-osrodku-chalupy-pod-smedavaou\/","title":{"rendered":"Zasady zakwaterowania w o\u015brodku Chalupy pod&nbsp;Smedavaou"},"content":{"rendered":"<p>[et_pb_section fb_built=&#8221;1&#8243; _builder_version=&#8221;4.25.1&#8243; _module_preset=&#8221;default&#8221; global_colors_info=&#8221;{}&#8221;][et_pb_row _builder_version=&#8221;4.25.1&#8243; _module_preset=&#8221;default&#8221; width=&#8221;90%&#8221; width_tablet=&#8221;90%&#8221; width_phone=&#8221;90%&#8221; width_last_edited=&#8221;on|phone&#8221; global_colors_info=&#8221;{}&#8221;][et_pb_column type=&#8221;4_4&#8243; _builder_version=&#8221;4.25.1&#8243; _module_preset=&#8221;default&#8221; global_colors_info=&#8221;{}&#8221;][et_pb_text _builder_version=&#8221;4.25.1&#8243; _module_preset=&#8221;default&#8221; global_colors_info=&#8221;{}&#8221;]<\/p>\n<h1 class=\"p1\"><b>Zasady zakwaterowania w o\u015brodku Chalupy pod&nbsp;Smedavaou<\/b><\/h1>\n<p><b><\/b><\/p>\n<p><b><\/b><\/p>\n<p class=\"p2\">Obiekt: Resort Chalupy pod&nbsp;Sm\u011bdavaou, adres B\u00edl\u00fd Potok 432-435, B\u00edl\u00fd Potok<\/p>\n<p class=\"p2\">Operator: Reflex Development s.r.o., Ra\u0161\u00ednovo n\u00e1b\u0159e\u017e\u00ed 2000\/78, Praha 2, 12000, ID: 24308447<\/p>\n<p class=\"p2\">(zwany dalej &#8222;O\u015brodkiem&#8221;)<\/p>\n<ol class=\"ol1\">\n<li class=\"li3\">O\u015brodek \u015bwiadczy us\u0142ugi tymczasowego zakwaterowania w rozumieniu \u00a7 2326 i&nbsp;nast.<br \/>\nKodeksu cywilnego z&nbsp;p\u00f3\u017aniejszymi zmianami, wynajmuj\u0105c go\u015bciom domy wynajmowane przez operatora na&nbsp;zasadzie d\u0142ugoterminowej. <\/li>\n<li class=\"li3\">O\u015brodek mo\u017ce przyjmowa\u0107 wy\u0142\u0105cznie Go\u015bci posiadaj\u0105cych wa\u017cn\u0105 i&nbsp;w pe\u0142ni op\u0142acon\u0105 rezerwacj\u0119.<br \/>\nKa\u017cdy go\u015b\u0107 zobowi\u0105zany jest do&nbsp;wype\u0142nienia niezb\u0119dnych danych identyfikacyjnych w formularzu meldunkowym przes\u0142anym drog\u0105 mailow\u0105 przed przyjazdem.<br \/>\nCudzoziemiec jest zobowi\u0105zany do&nbsp;wcze\u015bniejszego podania danych dokumentu podr\u00f3\u017cy w rozumieniu ustawy o&nbsp;pobycie cudzoziemc\u00f3w na&nbsp;terytorium Republiki Czeskiej.  <\/li>\n<li class=\"li3\">Postanowienia niniejszego Regulaminu zakwaterowania musz\u0105 by\u0107 przestrzegane przez ka\u017cdego go\u015bcia.<\/li>\n<li class=\"li3\">Po zameldowaniu go\u015b\u0107 ma prawo do&nbsp;tymczasowego zakwaterowania na&nbsp;uzgodniony okres.<\/li>\n<li class=\"li3\">Po wype\u0142nieniu formularza rejestracyjnego, ale&nbsp;nie p\u00f3\u017aniej ni\u017c 24 godziny przed spodziewanym przyjazdem, Go\u015b\u0107 otrzyma wszystkie niezb\u0119dne informacje dotycz\u0105ce przyjazdu i&nbsp;zakwaterowania, w szczeg\u00f3lno\u015bci dok\u0142adny adres, w tym.<br \/>\nkod do&nbsp;elektronicznego zamka do&nbsp;drzwi wej\u015bciowych. <\/li>\n<li class=\"li3\">Na podstawie potwierdzonej rezerwacji Go\u015bcie mog\u0105 zameldowa\u0107 si\u0119 w obiekcie od&nbsp;godziny 15:00 w dniu przyjazdu i&nbsp;s\u0105 zobowi\u0105zani do&nbsp;opuszczenia obiektu do&nbsp;godziny 10:00 w dniu wyjazdu.<br \/>\nGo\u015bcie mog\u0105 poprosi\u0107 o&nbsp;wcze\u015bniejsze zameldowanie lub p\u00f3\u017aniejsze wymeldowanie z&nbsp;co najmniej dwudniowym wyprzedzeniem.<br \/>\nJe\u015bli b\u0119dzie to mo\u017cliwe ze&nbsp;wzgl\u0119du na&nbsp;inny ruch na&nbsp;drodze, wynajmuj\u0105cy niezw\u0142ocznie to potwierdzi.<br \/>\nOp\u0142ata za&nbsp;wcze\u015bniejsze zameldowanie lub p\u00f3\u017aniejsze wymeldowanie wynosi 500,- CZK.<br \/>\nOperator ma r\u00f3wnie\u017c prawo do&nbsp;naliczenia tej op\u0142aty, je\u015bli go\u015b\u0107 nie opu\u015bci obiektu na&nbsp;czas bez&nbsp;wcze\u015bniejszego uzgodnienia.    <\/li>\n<li class=\"li3\">W przypadku zakupu zakwaterowania za&nbsp;po\u015brednictwem kana\u0142u sprzeda\u017cy (np. Booking.com, Airbnb itp.) zasady anulowania s\u0105 regulowane przez zasady tego kana\u0142u sprzeda\u017cy.<\/li>\n<li class=\"li3\">W wyj\u0105tkowych przypadkach o\u015brodek zastrzega sobie prawo do&nbsp;zaoferowania go\u015bciowi zakwaterowania innego ni\u017c uzgodnione, je\u015bli nie r\u00f3\u017cni si\u0119 ono znacz\u0105co pod&nbsp;wzgl\u0119dem rodzaju i&nbsp;pojemno\u015bci od&nbsp;potwierdzonej rezerwacji.<\/li>\n<li class=\"li3\">Je\u015bli Go\u015b\u0107 za\u017c\u0105da przed\u0142u\u017cenia okresu zakwaterowania w stosunku do&nbsp;uzgodnionego terminu, a&nbsp;O\u015brodek dysponuje wolnymi miejscami, okres zakwaterowania mo\u017ce zosta\u0107 przed\u0142u\u017cony.<br \/>\nO\u015brodek mo\u017ce jednak zaoferowa\u0107 Go\u015bciowi inne zakwaterowanie ni\u017c to, w kt\u00f3rym zosta\u0142 pierwotnie zakwaterowany. <\/li>\n<li class=\"li3\"><span class=\"s1\"><\/span>W przypadku zakwaterowania i&nbsp;drobnych szk\u00f3d Go\u015b\u0107 zobowi\u0105zany jest do&nbsp;uiszczenia depozytu w wysoko\u015bci 3&nbsp;000,00 CZK, kt\u00f3ry nale\u017cy wp\u0142aci\u0107 najp\u00f3\u017aniej w dniu przyjazdu w formie blokady na&nbsp;karcie kredytowej.<br \/>\nDepozyt ten zostanie zwr\u00f3cony Go\u015bciowi w ca\u0142o\u015bci po&nbsp;wymeldowaniu, po&nbsp;sprawdzeniu stanu obiektu. <\/li>\n<li class=\"li3\">W przypadku silnego zabrudzenia obiektu, kt\u00f3re nie odpowiada normalnemu u\u017cytkowaniu, naliczona zostanie dodatkowa op\u0142ata za&nbsp;dodatkowe sprz\u0105tanie w wysoko\u015bci 2500 CZK\/100 EUR.<\/li>\n<li class=\"li3\">O\u015brodek oferuje bezp\u0142atny dost\u0119p do&nbsp;Internetu WiFi dla go\u015bci i&nbsp;odwiedzaj\u0105cych.<br \/>\nKorzystaj\u0105c z&nbsp;sieci WIFI, ka\u017cdy u\u017cytkownik jest zobowi\u0105zany do&nbsp;przestrzegania wszystkich obowi\u0105zuj\u0105cych przepis\u00f3w prawa i&nbsp;regulacji, w szczeg\u00f3lno\u015bci do&nbsp;unikania naruszania praw autorskich, nielegalnego udost\u0119pniania lub pobierania dzie\u0142 sztuki, przeci\u0105\u017cania sieci WiFi, wykonywania jakichkolwiek czynno\u015bci powoduj\u0105cych przenoszenie lub rozprzestrzenianie wirus\u00f3w komputerowych, wysy\u0142ania niechcianych wiadomo\u015bci (spamu), rozpowszechniania wiadomo\u015bci alarmowych, a&nbsp;tak\u017ce wykonywania innych czynno\u015bci, kt\u00f3re naruszaj\u0105 powi\u0105zane prawa i&nbsp;regulacje. <\/li>\n<li class=\"li3\">Go\u015b\u0107 jest zobowi\u0105zany do&nbsp;sprawdzenia kompletno\u015bci sprz\u0119tu i&nbsp;jego stanu zgodnie z&nbsp;list\u0105 wyposa\u017cenia natychmiast po&nbsp;przybyciu do&nbsp;zarezerwowanego obszaru zakwaterowania oraz do&nbsp;niezw\u0142ocznego zg\u0142oszenia brakuj\u0105cego lub uszkodzonego sprz\u0119tu na&nbsp;kontaktowy adres e-mail, najlepiej wraz z&nbsp;dokumentacj\u0105 fotograficzn\u0105.<br \/>\ndokumentacj\u0119 zdj\u0119ciow\u0105.<br \/>\nW przypadku jakichkolwiek uszkodze\u0144 sprz\u0119tu stwierdzonych podczas zakwaterowania, go\u015b\u0107 jest r\u00f3wnie\u017c zobowi\u0105zany do&nbsp;ich zg\u0142oszenia.  <\/li>\n<li class=\"li3\">Go\u015b\u0107 jest uprawniony do&nbsp;korzystania z&nbsp;obiekt\u00f3w zgodnie z&nbsp;za\u0142\u0105czonymi instrukcjami wy\u0142\u0105cznie w celach, do&nbsp;kt\u00f3rych s\u0105 one przeznaczone.<\/li>\n<li class=\"li3\">Go\u015bcie nie mog\u0105 dokonywa\u0107 \u017cadnych istotnych zmian w pomieszczeniach zarezerwowanych do&nbsp;u\u017cytku bez&nbsp;zgody kierownictwa o\u015brodka, tj.&nbsp;nie mog\u0105 przenosi\u0107 sprz\u0119tu i&nbsp;urz\u0105dze\u0144 ani dokonywa\u0107 \u017cadnych ingerencji w sie\u0107 elektryczn\u0105 lub inne instalacje.<\/li>\n<li class=\"li3\">Go\u015b\u0107 ponosi odpowiedzialno\u015b\u0107 za&nbsp;wszelkie szkody wyrz\u0105dzone w obiekcie, chyba \u017ce udowodni, \u017ce ich nie wyrz\u0105dzi\u0142 i&nbsp;jest zobowi\u0105zany do&nbsp;niezw\u0142ocznego ich naprawienia.<br \/>\nRoszczenie O\u015brodka dotyczy r\u00f3wnie\u017c szk\u00f3d wykrytych po&nbsp;opuszczeniu obiektu przez Go\u015bcia.<br \/>\nDrobne szkody zostan\u0105 pokryte bezpo\u015brednio z&nbsp;kaucji.<br \/>\nW przypadku powa\u017cnych szk\u00f3d, kt\u00f3rych kwoty nie mo\u017cna z&nbsp;g\u00f3ry okre\u015bli\u0107, kaucja zostanie zatrzymana, a&nbsp;Go\u015b\u0107 zostanie obci\u0105\u017cony rachunkiem po&nbsp;dok\u0142adnym okre\u015bleniu kwoty.<br \/>\nJe\u015bli warto\u015b\u0107 szk\u00f3d przekroczy kwot\u0119 kaucji, do&nbsp;go\u015bcia zostanie wys\u0142ana faktura.    <\/li>\n<li class=\"li3\">Go\u015b\u0107 jest zobowi\u0105zany do&nbsp;zachowania si\u0119 w pomieszczeniach zakwaterowania, w domu i&nbsp;na&nbsp;przyleg\u0142ym terenie ogrodu, w szczeg\u00f3lno\u015bci od&nbsp;godziny 22.00.<br \/>\ndo&nbsp;7.00 rano.<br \/>\nGo\u015b\u0107 nie mo\u017ce zak\u0142\u00f3ca\u0107 spokoju innych go\u015bci i&nbsp;s\u0105siad\u00f3w.<br \/>\nW przypadku, gdy go\u015b\u0107 pomimo upomnienia powa\u017cnie naruszy dobre obyczaje lub w inny spos\u00f3b ra\u017c\u0105co naruszy regulamin zakwaterowania, wynajmuj\u0105cy mo\u017ce anulowa\u0107 lub odst\u0105pi\u0107 od&nbsp;umowy przed up\u0142ywem uzgodnionego okresu zakwaterowania.   <\/li>\n<li class=\"li3\">Go\u015bcie mog\u0105 przywozi\u0107 psy do&nbsp;o\u015brodka wy\u0142\u0105cznie za&nbsp;zgod\u0105 operatora i&nbsp;pod&nbsp;warunkiem, \u017ce ich pobyt zosta\u0142 prawid\u0142owo zarezerwowany i&nbsp;op\u0142acony.<br \/>\nW ka\u017cdym obiekcie mog\u0105 przebywa\u0107 maksymalnie dwa psy. <span class=\"Apple-converted-space\">  <\/span>Ka\u017cdy pies musi by\u0107 prowadzony na&nbsp;smyczy we wszystkich miejscach publicznych o\u015brodka.<br \/>\nPsy lub inne zwierz\u0119ta nie mog\u0105 odpoczywa\u0107\/le\u017ce\u0107 na&nbsp;\u0142\u00f3\u017ckach lub innych obiektach o\u015brodka lub obiektach wykorzystywanych do&nbsp;odpoczynku go\u015bci.<br \/>\nGo\u015b\u0107, kt\u00f3ry zezwoli\u0142 zwierz\u0119ciu na&nbsp;pobyt na&nbsp;terenie o\u015brodka, ponosi za&nbsp;nie pe\u0142n\u0105 odpowiedzialno\u015b\u0107.<br \/>\nWyj\u0105tek stanowi\u0105 g\u0142uche i&nbsp;niedos\u0142ysz\u0105ce psy sygnalizacyjne oraz podobne psy asystuj\u0105ce.<br \/>\nMog\u0105 one przebywa\u0107 na&nbsp;terenie O\u015brodka bezp\u0142atnie w dowolnym czasie.<br \/>\nZwierz\u0119ta nie mog\u0105 pozostawa\u0107 na&nbsp;terenie obiektu same &#8211; bez&nbsp;nadzoru.     <\/li>\n<li class=\"li3\">Wewn\u0105trz obiektu obowi\u0105zuje ca\u0142kowity zakaz palenia.<br \/>\nW przypadku naruszenia zakazu Go\u015bcie zostan\u0105 obci\u0105\u017ceni kosztami dodatkowego sprz\u0105tania. <\/li>\n<li class=\"li3\">Na teren O\u015brodka mo\u017cna wje\u017cd\u017ca\u0107 i&nbsp;porusza\u0107 si\u0119 wy\u0142\u0105cznie po&nbsp;drogach dojazdowych, parkowanie pojazd\u00f3w dozwolone jest w wyznaczonych miejscach.<br \/>\nO\u015brodek nie ponosi odpowiedzialno\u015bci za&nbsp;kradzie\u017c lub uszkodzenie pojazd\u00f3w mechanicznych pozostawionych na&nbsp;jego terenie.<br \/>\nO\u015brodek zaleca Go\u015bciom upewnienie si\u0119, \u017ce ich pojazd jest prawid\u0142owo zamkni\u0119ty i&nbsp;zabezpieczony.<br \/>\nZaleca si\u0119 r\u00f3wnie\u017c, aby&nbsp;osobiste i&nbsp;warto\u015bciowe przedmioty nie by\u0142y pozostawiane luzem w poje\u017adzie.<br \/>\nO\u015brodek nie ponosi odpowiedzialno\u015bci za&nbsp;jakiekolwiek szkody wyrz\u0105dzone przez go\u015bci osobom trzecim na&nbsp;parkingach O\u015brodka.<br \/>\nO\u015brodek zastrzega sobie prawo do&nbsp;dochodzenia roszcze\u0144 i&nbsp;wystawiania rachunk\u00f3w za&nbsp;szkody wyrz\u0105dzone w mieniu o\u015brodka przez pojazd go\u015bcia.     <\/li>\n<li class=\"li3\">Go\u015b\u0107 jest zobowi\u0105zany do&nbsp;zakr\u0119cenia kran\u00f3w, zgaszenia \u015bwiate\u0142, zamkni\u0119cia okien i&nbsp;drzwi oraz prawid\u0142owego zamkni\u0119cia obiektu za&nbsp;ka\u017cdym razem, gdy opuszcza obiekt.<\/li>\n<li class=\"li3\">Przebywaj\u0105c na&nbsp;terenie O\u015brodka ka\u017cdy Go\u015b\u0107 zobowi\u0105zany jest zachowywa\u0107 si\u0119 w taki spos\u00f3b, aby&nbsp;nie spowodowa\u0107 po\u017caru.<br \/>\nZachowanie go\u015bci w przypadku po\u017caru reguluj\u0105 wytyczne dotycz\u0105ce alarmu przeciwpo\u017carowego. <\/li>\n<li class=\"li3\">Dost\u0119p do&nbsp;zajmowanego budynku jest dozwolony wy\u0142\u0105cznie dla kierownictwa o\u015brodka i&nbsp;personelu obs\u0142ugi technicznej w przypadku zg\u0142oszenia usterki technicznej w obiekcie.<br \/>\nWej\u015bcie personelu sprz\u0105taj\u0105cego lub innych os\u00f3b na&nbsp;teren zajmowanego obiektu mo\u017cliwe jest wy\u0142\u0105cznie za&nbsp;uprzedni\u0105 zgod\u0105 Go\u015bcia lub na&nbsp;jego \u017cyczenie. <\/li>\n<li class=\"li3\">Go\u015bcie proszeni s\u0105 o&nbsp;przestrzeganie dobrych manier, zw\u0142aszcza w pomieszczeniach og\u00f3lnodost\u0119pnych o\u015brodka i&nbsp;na&nbsp;tarasach.<br \/>\nNiedozwolone jest poruszanie si\u0119 po&nbsp;cz\u0119\u015bciach wsp\u00f3lnych o\u015brodka bez&nbsp;ubrania. <\/li>\n<li class=\"li3\">Zapomniane rzeczy go\u015bci o\u015brodka s\u0105 rejestrowane i&nbsp;przechowywane przez miesi\u0105c.<br \/>\nMog\u0105 one zosta\u0107 wys\u0142ane na&nbsp;adres go\u015bcia wy\u0142\u0105cznie na&nbsp;jego pro\u015bb\u0119 i&nbsp;na&nbsp;jego koszt. <\/li>\n<li class=\"li3\">Kierownictwo o\u015brodka z&nbsp;zadowoleniem przyjmuje wszelkie sugestie dotycz\u0105ce ulepsze\u0144 i&nbsp;dzi\u0119kuje za&nbsp;krytyczne uwagi.<\/li>\n<li class=\"li3\">Go\u015bcie s\u0105 zobowi\u0105zani do&nbsp;sta\u0142ego przestrzegania postanowie\u0144 niniejszego regulaminu zakwaterowania.<br \/>\nJe\u015bli go\u015b\u0107 pomimo upomnienia ra\u017c\u0105co naruszy regulamin zakwaterowania lub dobre obyczaje, o\u015brodek ma prawo do&nbsp;odst\u0105pienia od&nbsp;\u015bwiadczenia us\u0142ug zakwaterowania przed up\u0142ywem uzgodnionego terminu.<br \/>\nO\u015brodek jest uprawniony do&nbsp;pe\u0142nego zwrotu ceny zakwaterowania.<br \/>\nGo\u015b\u0107 musi w\u00f3wczas niezw\u0142ocznie opu\u015bci\u0107 o\u015brodek.   <\/li>\n<li class=\"li3\">Go\u015b\u0107 przekazuj\u0105cy O\u015brodkowi swoje dane osobowe z&nbsp;dokument\u00f3w przy rozpocz\u0119ciu us\u0142ugi zakwaterowania wyra\u017ca zgod\u0119 na&nbsp;gromadzenie, przechowywanie i&nbsp;przetwarzanie danych osobowych przekazanych Administratorowi, Operatorowi Reflex Development s.r.o. w celach okre\u015blonych poni\u017cej. Niniejsza zgoda jest udzielana dobrowolnie w odniesieniu do&nbsp;wszystkich przekazanych danych i&nbsp;na&nbsp;okres 10 lat od&nbsp;daty wyra\u017cenia zgody. Podpisuj\u0105c (lub zaznaczaj\u0105c odpowiednie pole w przypadku formularza online), u\u017cytkownik potwierdza, \u017ce zosta\u0142 poinformowany o&nbsp;swoich prawach zwi\u0105zanych z&nbsp;zarz\u0105dzaniem i&nbsp;przetwarzaniem danych osobowych, w szczeg\u00f3lno\u015bci, \u017ce ma prawo do&nbsp;wycofania zgody w dowolnym momencie, bezp\u0142atnie, zgodnie z&nbsp;art. 11, 21 ustawy nr 101\/2000 Coll., \u017ce ma prawo dost\u0119pu do&nbsp;danych osobowych i&nbsp;prawo do&nbsp;poprawiania takich danych osobowych, blokowania nieprawid\u0142owych danych osobowych, ich niszczenia itp. oraz \u017ce ma prawo skontaktowa\u0107 si\u0119 z&nbsp;Urz\u0119dem Ochrony Danych Osobowych w przypadku podejrzenia naruszenia jego praw. Zgodnie z&nbsp;art. 5 ustawy nr 101\/2000 Dz.U. o&nbsp;ochronie danych osobowych, wszystkie podane dane s\u0105 gromadzone i&nbsp;przetwarzane wy\u0142\u0105cznie w celach marketingowych administratora, a&nbsp;mianowicie w celu dystrybucji informacji marketingowych. Administrator o\u015bwiadcza, \u017ce b\u0119dzie traktowa\u0107 przekazane dane zgodnie z&nbsp;obowi\u0105zuj\u0105cymi przepisami prawa oraz \u017ce b\u0119dzie gromadzi\u0107 dane osobowe w zakresie niezb\u0119dnym do&nbsp;realizacji okre\u015blonego celu i&nbsp;przetwarza\u0107 je wy\u0142\u0105cznie zgodnie z&nbsp;celem, dla kt\u00f3rego zosta\u0142y zebrane. Pracownicy Administratora lub inne osoby fizyczne przetwarzaj\u0105ce dane osobowe na&nbsp;podstawie umowy z&nbsp;Administratorem oraz inne osoby s\u0105 zobowi\u0105zane do&nbsp;zachowania poufno\u015bci danych osobowych, nawet po&nbsp;ustaniu zatrudnienia lub pracy.<\/li>\n<li class=\"li3\">Niniejsze Zasady dotycz\u0105ce zakwaterowania wchodz\u0105 w \u017cycie w dniu  <span>1.&nbsp;5.<br \/>\n2024 <\/span>.<\/li>\n<\/ol>\n<p class=\"p2\">W Pradze 21.04.2024<\/p>\n<p class=\"p2\">Josef Chvojka<\/p>\n<p class=\"p2\">Dyrektor Zarz\u0105dzaj\u0105cy Reflex Development s.r.o.<\/p>\n<p class=\"p4\">\n<p>[\/et_pb_text][\/et_pb_column][\/et_pb_row][\/et_pb_section]<\/p>\n","protected":false},"excerpt":{"rendered":"<p>Zasady zakwaterowania w o\u015brodku Chalupy pod&nbsp;Smedavaou Obiekt: Resort Chalupy pod&nbsp;Sm\u011bdavaou, adres B\u00edl\u00fd Potok 432-435, B\u00edl\u00fd Potok Operator: Reflex Development s.r.o., Ra\u0161\u00ednovo n\u00e1b\u0159e\u017e\u00ed 2000\/78, Praha 2, 12000, ID: 24308447 (zwany dalej &#8222;O\u015brodkiem&#8221;) O\u015brodek \u015bwiadczy us\u0142ugi tymczasowego zakwaterowania w rozumieniu \u00a7 2326 i&nbsp;nast. Kodeksu cywilnego z&nbsp;p\u00f3\u017aniejszymi zmianami, wynajmuj\u0105c go\u015bciom domy wynajmowane przez operatora [&hellip;]<\/p>\n","protected":false},"author":2,"featured_media":0,"parent":0,"menu_order":0,"comment_status":"closed","ping_status":"closed","template":"","meta":{"_et_pb_use_builder":"on","_et_pb_old_content":"","_et_gb_content_width":"","footnotes":""},"difl_page_category":[],"class_list":["post-79227","page","type-page","status-publish","hentry"],"aioseo_notices":[],"_links":{"self":[{"href":"https:\/\/chalupypodsmedavou.cz\/pl\/wp-json\/wp\/v2\/pages\/79227","targetHints":{"allow":["GET"]}}],"collection":[{"href":"https:\/\/chalupypodsmedavou.cz\/pl\/wp-json\/wp\/v2\/pages"}],"about":[{"href":"https:\/\/chalupypodsmedavou.cz\/pl\/wp-json\/wp\/v2\/types\/page"}],"author":[{"embeddable":true,"href":"https:\/\/chalupypodsmedavou.cz\/pl\/wp-json\/wp\/v2\/users\/2"}],"replies":[{"embeddable":true,"href":"https:\/\/chalupypodsmedavou.cz\/pl\/wp-json\/wp\/v2\/comments?post=79227"}],"version-history":[{"count":2,"href":"https:\/\/chalupypodsmedavou.cz\/pl\/wp-json\/wp\/v2\/pages\/79227\/revisions"}],"predecessor-version":[{"id":79229,"href":"https:\/\/chalupypodsmedavou.cz\/pl\/wp-json\/wp\/v2\/pages\/79227\/revisions\/79229"}],"wp:attachment":[{"href":"https:\/\/chalupypodsmedavou.cz\/pl\/wp-json\/wp\/v2\/media?parent=79227"}],"wp:term":[{"taxonomy":"difl_page_category","embeddable":true,"href":"https:\/\/chalupypodsmedavou.cz\/pl\/wp-json\/wp\/v2\/difl_page_category?post=79227"}],"curies":[{"name":"wp","href":"https:\/\/api.w.org\/{rel}","templated":true}]}}